{"id":2560,"date":"2010-04-26T13:42:41","date_gmt":"2010-04-26T12:42:41","guid":{"rendered":"http:\/\/airtimers.com\/?page_id=2560"},"modified":"2020-10-27T14:48:57","modified_gmt":"2020-10-27T13:48:57","slug":"achterbahn-rekorde-stahlachterbahnen","status":"publish","type":"page","link":"https:\/\/airtimers.com\/en\/achterbahn-rekorde\/achterbahn-rekorde-stahlachterbahnen\/","title":{"rendered":"Achterbahn Rekorde: Stahlachterbahnen"},"content":{"rendered":"<div class=\"textLayoutHeader\">\nHier findet Ihr alle Stahlachterbahnen die einen Weltrekord halten. Ber\u00fccksichtigt sind sowohl Bahnen deren Strecke einen geschlossenen Kreis bildet, als auch Shuttle Coaster.<\/p>\n<p>Die Kategorien sind: <a href=\"#H\">H\u00f6he<\/a> | <a href=\"#S\">Geschwindigkeit<\/a> | <a href=\"#L\">L\u00e4nge<\/a><br \/>\n<a href=\"https:\/\/airtimers.com\/achterbahn-rekorde\/\" target=\"_self\" rel=\"noopener noreferrer\">Zur\u00fcck zur \u00dcbersicht<\/a><\/p>\n<h2 id=\"H\">Die H\u00f6chsten der Welt<\/h2>\n<p>Die H\u00f6he einer Bahn wird vom vom h\u00f6chsten Punkt der Strecke bis zum Boden gemessen. Manche Achterbahnen nutzen Tunnel oder Gruben um die Abfahrt zu erh\u00f6hen, diese wirken sich jedoch nicht auf die tats\u00e4chliche H\u00f6he aus.<\/p>\n<table border=\"1\" frame=\"box\" rules=\"rows\" cellspacing=\"0\">\n<tr>\n<td bgcolor=\"#2970a6\" width=\"20\"><font color=\"#ffffff\"><b>#<\/b><\/font><\/td>\n<td bgcolor=\"#2970a6\" width=\"210\"><font color=\"#ffffff\"><b>Achterbahn<\/b><\/font><\/td>\n<td bgcolor=\"#2970a6\" width=\"50\"><font color=\"#ffffff\"><b>Meter<\/b><\/font><\/td>\n<td bgcolor=\"#2970a6\" width=\"210\"><font color=\"#ffffff\"><b>Park<\/b><\/font><\/td>\n<td bgcolor=\"#2970a6\"><font color=\"#ffffff\"><b>Jahr<\/b><\/font><\/td>\n<\/tr>\n<tr>\n<td valign=\"top\" bgcolor=\"#edeff0\">1<\/td>\n<td valign=\"top\" bgcolor=\"#edeff0\">Kingda Ka<\/td>\n<td valign=\"top\" bgcolor=\"#edeff0\">139<\/td>\n<td valign=\"top\" bgcolor=\"#edeff0\">Six Flags Great Adventure<\/a><br \/>New Jersey, USA<\/td>\n<td valign=\"top\" bgcolor=\"#edeff0\">2005<\/td>\n<\/tr>\n<tr>\n<td valign=\"top\" bgcolor=\"#e0e2e3\">2<\/td>\n<td valign=\"top\" bgcolor=\"#e0e2e3\">Top Thrill Dragster<\/td>\n<td valign=\"top\" bgcolor=\"#e0e2e3\">128<\/td>\n<td valign=\"top\" bgcolor=\"#e0e2e3\">Cedar Point<\/a><br \/>Ohio, USA<\/td>\n<td valign=\"top\" bgcolor=\"#e0e2e3\">2003<\/td>\n<\/tr>\n<tr>\n<td valign=\"top\" bgcolor=\"#edeff0\">3<\/td>\n<td valign=\"top\" bgcolor=\"#edeff0\">Superman: Escape from Krypton<\/td>\n<td valign=\"top\" bgcolor=\"#edeff0\">126,5<\/td>\n<td valign=\"top\" bgcolor=\"#edeff0\">Six Flags Magic Mountain<\/a><br \/>California, USA<\/td>\n<td valign=\"top\" bgcolor=\"#edeff0\">1997<\/td>\n<\/tr>\n<tr>\n<td valign=\"top\" bgcolor=\"#e0e2e3\">4<\/td>\n<td valign=\"top\" bgcolor=\"#e0e2e3\">Tower of Terror II<\/td>\n<td valign=\"top\" bgcolor=\"#e0e2e3\">115<\/td>\n<td valign=\"top\" bgcolor=\"#e0e2e3\">Dreamworld<\/a><br \/>Gold Coast, Australien<\/td>\n<td valign=\"top\" bgcolor=\"#e0e2e3\">1997<\/td>\n<\/tr>\n<tr>\n<td valign=\"top\" bgcolor=\"#e0e2e3\">5<\/td>\n<td valign=\"top\" bgcolor=\"#e0e2e3\">Fury 325<\/td>\n<td valign=\"top\" bgcolor=\"#e0e2e3\">99,1<\/td>\n<td valign=\"top\" bgcolor=\"#e0e2e3\">Carowinds<\/a><br \/>South\/North Carolina, USA<\/td>\n<td valign=\"top\" bgcolor=\"#e0e2e3\">2015<\/td>\n<\/tr>\n<tr>\n<td valign=\"top\" bgcolor=\"#edeff0\">6<\/td>\n<td valign=\"top\" bgcolor=\"#edeff0\">Steel Dragon 2000<\/td>\n<td valign=\"top\" bgcolor=\"#edeff0\">97<\/td>\n<td valign=\"top\" bgcolor=\"#edeff0\">Nagashima Spa Land<\/a><br \/>Mie, Japan<\/td>\n<td valign=\"top\" bgcolor=\"#edeff0\">2000<\/td>\n<\/tr>\n<tr>\n<td valign=\"top\" bgcolor=\"#e0e2e3\">7<\/td>\n<td valign=\"top\" bgcolor=\"#e0e2e3\">Millennium Force<\/td>\n<td valign=\"top\" bgcolor=\"#e0e2e3\">94,5<\/td>\n<td valign=\"top\" bgcolor=\"#e0e2e3\">Cedar Point<\/a><br \/>Ohio, USA<\/td>\n<td valign=\"top\" bgcolor=\"#e0e2e3\">2000<\/td>\n<\/tr>\n<tr>\n<td valign=\"top\" bgcolor=\"#edeff0\">8<\/td>\n<td valign=\"top\" bgcolor=\"#edeff0\">Leviathan<\/td>\n<td valign=\"top\" bgcolor=\"#edeff0\">93,3<\/td>\n<td valign=\"top\" bgcolor=\"#edeff0\">Canada&#8217;s Wonderland<\/a><br \/>Ontario, Kanada<\/td>\n<td valign=\"top\" bgcolor=\"#edeff0\">2012<\/td>\n<\/tr>\n<tr>\n<td valign=\"top\" bgcolor=\"#e0e2e3\">9<\/td>\n<td valign=\"top\" bgcolor=\"#e0e2e3\">Intimidator 305<\/td>\n<td valign=\"top\" bgcolor=\"#e0e2e3\">93<\/td>\n<td valign=\"top\" bgcolor=\"#e0e2e3\">Kings Dominion<\/a><br \/>Virginia, USA<\/td>\n<td valign=\"top\" bgcolor=\"#e0e2e3\">2010<\/td>\n<\/tr>\n<tr>\n<td valign=\"top\" bgcolor=\"#edeff0\">10<\/td>\n<td valign=\"top\" bgcolor=\"#edeff0\">Thunder Dolphin<\/td>\n<td valign=\"top\" bgcolor=\"#edeff0\">80<\/td>\n<td valign=\"top\" bgcolor=\"#edeff0\">Tokyo Dome Cityt<\/a><br \/>Tokyo, JapanA<\/td>\n<td valign=\"top\" bgcolor=\"#edeff0\">2003<\/td>\n<\/tr>\n<\/table>\n<div align=\"right\">\n<p>\n<br \/><a href=\"#TOP\">Zur\u00fcck nach Oben<\/a> | <a href=\"https:\/\/airtimers.com\/achterbahn-rekorde\/\" target=\"_self\" rel=\"noopener noreferrer\">zur \u00dcbersicht<\/a>\n<\/p>\n<\/div>\n<h2 id=\"S\">Die Schnellsten der Welt<\/h2>\n<p>Die hier angegebene Geschwindigkeit einer Bahn bezieht sich auf die maximale Geschwindigkeit die der Zug oder der Wagen an irgendeinem Punkt der Strecke erreicht.<\/p>\n<table border=\"1\" frame=\"box\" rules=\"rows\" cellspacing=\"0\">\n<tr>\n<td bgcolor=\"#2970a6\" width=\"20\"><font color=\"#ffffff\"><b>#<\/b><\/font><\/td>\n<td bgcolor=\"#2970a6\" width=\"210\"><font color=\"#ffffff\"><b>Achterbahn<\/b><\/font><\/td>\n<td bgcolor=\"#2970a6\" width=\"50\"><font color=\"#ffffff\"><b>Km\/h<\/b><\/font><\/td>\n<td bgcolor=\"#2970a6\" width=\"210\"><font color=\"#ffffff\"><b>Park<\/b><\/font><\/td>\n<td bgcolor=\"#2970a6\"><font color=\"#ffffff\"><b>Jahr<\/b><\/font><\/td>\n<\/tr>\n<tr>\n<td valign=\"top\" bgcolor=\"#edeff0\">1<\/td>\n<td valign=\"top\" bgcolor=\"#edeff0\">Formula Rossa<\/td>\n<td valign=\"top\" bgcolor=\"#edeff0\">240<\/td>\n<td valign=\"top\" bgcolor=\"#edeff0\">Ferrari World<\/a><br \/>Abu Dhabi, United Arab Emirates<\/td>\n<td valign=\"top\" bgcolor=\"#edeff0\">2010<\/td>\n<\/tr>\n<tr>\n<td valign=\"top\" bgcolor=\"#e0e2e3\">2<\/td>\n<td valign=\"top\" bgcolor=\"#e0e2e3\">Kingda Ka<\/td>\n<td valign=\"top\" bgcolor=\"#e0e2e3\">206<\/td>\n<td valign=\"top\" bgcolor=\"#e0e2e3\">Six Flags Great Adventure<\/a><br \/>New Jersey, USA<\/td>\n<td valign=\"top\" bgcolor=\"#e0e2e3\">2005<\/td>\n<\/tr>\n<tr>\n<td valign=\"top\" bgcolor=\"#edeff0\">3<\/td>\n<td valign=\"top\" bgcolor=\"#edeff0\">Top Thrill Dragster<\/td>\n<td valign=\"top\" bgcolor=\"#edeff0\">193,1<\/td>\n<td valign=\"top\" bgcolor=\"#edeff0\">Cedar Point<\/a><br \/>Ohio, USA<\/td>\n<td valign=\"top\" bgcolor=\"#edeff0\">2003<\/td>\n<\/tr>\n<tr>\n<td valign=\"top\" bgcolor=\"#e0e2e3\">4<\/td>\n<td valign=\"top\" bgcolor=\"#e0e2e3\">Dodonpa<\/td>\n<td valign=\"top\" bgcolor=\"#e0e2e3\">172<\/td>\n<td valign=\"top\" bgcolor=\"#e0e2e3\">Fuji-Q Highland<\/a><br \/>Yamanashi, Japan<\/td>\n<td valign=\"top\" bgcolor=\"#e0e2e3\">2001<\/td>\n<\/tr>\n<tr>\n<td valign=\"top\" bgcolor=\"#edeff0\">5<\/td>\n<td valign=\"top\" bgcolor=\"#edeff0\">Superman: Escape from Krypton<\/td>\n<td valign=\"top\" bgcolor=\"#edeff0\">160,9<\/td>\n<td valign=\"top\" bgcolor=\"#edeff0\">Six Flags Magic Mountain<\/a><br \/>California, USA<\/td>\n<td valign=\"top\" bgcolor=\"#edeff0\">1997<\/td>\n<\/tr>\n<tr>\n<td valign=\"top\" bgcolor=\"#edeff0\"><\/td>\n<td valign=\"top\" bgcolor=\"#edeff0\">Tower of Terror II<\/td>\n<td valign=\"top\" bgcolor=\"#edeff0\">160,9<\/td>\n<td valign=\"top\" bgcolor=\"#edeff0\">Dreamworld<\/a><br \/>Gold Coast, Australien<\/td>\n<td valign=\"top\" bgcolor=\"#edeff0\">1997<\/td>\n<\/tr>\n<tr>\n<td valign=\"top\" bgcolor=\"#edeff0\">6<\/td>\n<td valign=\"top\" bgcolor=\"#edeff0\">Steel Dragon 2000<\/td>\n<td valign=\"top\" bgcolor=\"#edeff0\">152,9<\/td>\n<td valign=\"top\" bgcolor=\"#edeff0\">Nagashima Spa Land<\/a><br \/>Mie, Japan<\/td>\n<td valign=\"top\" bgcolor=\"#edeff0\">2000<\/td>\n<\/tr>\n<tr>\n<td valign=\"top\" bgcolor=\"#e0e2e3\">6<\/td>\n<td valign=\"top\" bgcolor=\"#e0e2e3\">Fury 325<\/td>\n<td valign=\"top\" bgcolor=\"#e0e2e3\">152,9<\/td>\n<td valign=\"top\" bgcolor=\"#e0e2e3\">Carowinds<\/a><br \/>South\/North Carolina, USA<\/td>\n<td valign=\"top\" bgcolor=\"#e0e2e3\">2015<\/td>\n<\/tr>\n<tr>\n<td valign=\"top\" bgcolor=\"#e0e2e3\">7<\/td>\n<td valign=\"top\" bgcolor=\"#e0e2e3\">Millennium Force<\/td>\n<td valign=\"top\" bgcolor=\"#e0e2e3\">149,7<\/td>\n<td valign=\"top\" bgcolor=\"#e0e2e3\">Cedar Point<\/a><br \/>Ohio, USA<\/td>\n<td valign=\"top\" bgcolor=\"#e0e2e3\">2000<\/td>\n<\/tr>\n<tr>\n<td valign=\"top\" bgcolor=\"#edeff0\">8<\/td>\n<td valign=\"top\" bgcolor=\"#edeff0\">Leviathan<\/td>\n<td valign=\"top\" bgcolor=\"#edeff0\">148,1<\/td>\n<td valign=\"top\" bgcolor=\"#edeff0\">Canada&#8217;s Wonderland<\/a><br \/>Ontario, Kanada<\/td>\n<td valign=\"top\" bgcolor=\"#edeff0\">2012<\/td>\n<\/tr>\n<tr>\n<td valign=\"top\" bgcolor=\"#e0e2e3\">9<\/td>\n<td valign=\"top\" bgcolor=\"#e0e2e3\">Intimidator 305<\/td>\n<td valign=\"top\" bgcolor=\"#e0e2e3\">144,8<\/td>\n<td valign=\"top\" bgcolor=\"#e0e2e3\">Kings Dominion<\/a><br \/>Virginia, USA<\/td>\n<td valign=\"top\" bgcolor=\"#e0e2e3\">2010<\/td>\n<\/tr>\n<tr>\n<td valign=\"top\" bgcolor=\"#edeff0\">10<\/td>\n<td valign=\"top\" bgcolor=\"#edeff0\">Phantom&#8217;s Revenge<\/td>\n<td valign=\"top\" bgcolor=\"#edeff0\">136,8<\/td>\n<td valign=\"top\" bgcolor=\"#edeff0\">Kennywood<\/a><br \/>Pennsylvania, USA<\/td>\n<td valign=\"top\" bgcolor=\"#edeff0\">1991<\/td>\n<\/tr>\n<tr>\n<td valign=\"top\" bgcolor=\"#edeff0\"><\/td>\n<td valign=\"top\" bgcolor=\"#edeff0\">Goliath<\/td>\n<td valign=\"top\" bgcolor=\"#edeff0\">136,8<\/td>\n<td valign=\"top\" bgcolor=\"#edeff0\">Six Flags Magic Mountain<\/a><br \/>Californien, USA<\/td>\n<td valign=\"top\" bgcolor=\"#edeff0\">2000<\/td>\n<\/tr>\n<tr>\n<td valign=\"top\" bgcolor=\"#edeff0\"><\/td>\n<td valign=\"top\" bgcolor=\"#edeff0\">Titan<\/td>\n<td valign=\"top\" bgcolor=\"#edeff0\">136,8<\/td>\n<td valign=\"top\" bgcolor=\"#edeff0\">Six Flags Over Texas<\/a><br \/>Texas, USA<\/td>\n<td valign=\"top\" bgcolor=\"#edeff0\">2001<\/td>\n<\/tr>\n<\/table>\n<p>Achterbahnen mit einem &#8220;-&#8221; sind nicht mehr in Betrieb.<\/p>\n<div align=\"right\">\n<p>\n<br \/><a href=\"#TOP\">Zur\u00fcck nach Oben<\/a> | <a href=\"https:\/\/airtimers.com\/achterbahn-rekorde\/\" target=\"_self\" rel=\"noopener noreferrer\">zur \u00dcbersicht<\/a>\n<\/p>\n<\/div>\n<h2 id=\"L\">Die L\u00e4ngsten der Welt<\/h2>\n<p>Die L\u00e4nge einer Bahn ist die gesamte L\u00e4nge der im Kreis befahrenen Stecke oder bei Shuttle Coastern die L\u00e4nge vom Anfang bis zum Ende der Strecke.<\/p>\n<table border=\"1\" frame=\"box\" rules=\"rows\" cellspacing=\"0\">\n<tr>\n<td bgcolor=\"#2970a6\" width=\"20\"><font color=\"#ffffff\"><b>#<\/b><\/font><\/td>\n<td bgcolor=\"#2970a6\" width=\"210\"><font color=\"#ffffff\"><b>Achterbahn<\/b><\/font><\/td>\n<td bgcolor=\"#2970a6\" width=\"50\"><font color=\"#ffffff\"><b>Meter<\/b><\/font><\/td>\n<td bgcolor=\"#2970a6\" width=\"210\"><font color=\"#ffffff\"><b>Park<\/b><\/font><\/td>\n<td bgcolor=\"#2970a6\"><font color=\"#ffffff\"><b>Jahr<\/b><\/font><\/td>\n<\/tr>\n<tr>\n<td valign=\"top\" bgcolor=\"#edeff0\">1<\/td>\n<td valign=\"top\" bgcolor=\"#edeff0\">Steel Dragon 2000<\/td>\n<td valign=\"top\" bgcolor=\"#edeff0\">2479<\/td>\n<td valign=\"top\" bgcolor=\"#edeff0\">Nagashima Spa Land<\/a><br \/>Mie, Japan<\/td>\n<td valign=\"top\" bgcolor=\"#edeff0\">2000<\/td>\n<\/tr>\n<tr>\n<td valign=\"top\" bgcolor=\"#e0e2e3\">2<\/td>\n<td valign=\"top\" bgcolor=\"#e0e2e3\">Ultimate<\/td>\n<td valign=\"top\" bgcolor=\"#e0e2e3\">2268<\/td>\n<td valign=\"top\" bgcolor=\"#e0e2e3\">Lightwater Valley<\/a><br \/>Yorkshire, UK<\/td>\n<td valign=\"top\" bgcolor=\"#e0e2e3\">1991<\/td>\n<\/tr>\n<tr>\n<td valign=\"top\" bgcolor=\"#edeff0\">3<\/td>\n<td valign=\"top\" bgcolor=\"#edeff0\">Fujiyama<\/td>\n<td valign=\"top\" bgcolor=\"#edeff0\">2044<\/td>\n<td valign=\"top\" bgcolor=\"#edeff0\">Fuji-Q Highland<\/a><br \/>Yamanashi, Japan<\/td>\n<td valign=\"top\" bgcolor=\"#edeff0\">1996<\/td>\n<\/tr>\n<tr>\n<td valign=\"top\" bgcolor=\"#e0e2e3\">4<\/td>\n<td valign=\"top\" bgcolor=\"#e0e2e3\">Fury 325<\/td>\n<td valign=\"top\" bgcolor=\"#e0e2e3\">2012,3<\/td>\n<td valign=\"top\" bgcolor=\"#e0e2e3\">Carowinds<\/a><br \/>South\/North Carolina, USA<\/td>\n<td valign=\"top\" bgcolor=\"#e0e2e3\">2015<\/td>\n<\/tr>\n<tr>\n<td valign=\"top\" bgcolor=\"#e0e2e3\">5<\/td>\n<td valign=\"top\" bgcolor=\"#e0e2e3\">Millennium Force<\/td>\n<td valign=\"top\" bgcolor=\"#e0e2e3\">2010<\/td>\n<td valign=\"top\" bgcolor=\"#e0e2e3\">Cedar Point<\/a><br \/>Ohio, USA<\/td>\n<td valign=\"top\" bgcolor=\"#e0e2e3\">2000<\/td>\n<\/tr>\n<tr>\n<td valign=\"top\" bgcolor=\"#edeff0\">6<\/td>\n<td valign=\"top\" bgcolor=\"#edeff0\">Formula Rossa<\/td>\n<td valign=\"top\" bgcolor=\"#edeff0\">2000<\/td>\n<td valign=\"top\" bgcolor=\"#edeff0\">Ferrari World<\/a><br \/>Abu Dhabi, United Arab Emirates<\/td>\n<td valign=\"top\" bgcolor=\"#edeff0\">2010<\/td>\n<\/tr>\n<tr>\n<td valign=\"top\" bgcolor=\"#e0e2e3\">7<\/td>\n<td valign=\"top\" bgcolor=\"#e0e2e3\">California Screamin&#8217;<\/td>\n<td valign=\"top\" bgcolor=\"#e0e2e3\">1850<\/td>\n<td valign=\"top\" bgcolor=\"#e0e2e3\">Disney&#8217;s California Adventure<\/a><br \/>California, USA<\/td>\n<td valign=\"top\" bgcolor=\"#e0e2e3\">2001<\/td>\n<\/tr>\n<tr>\n<td valign=\"top\" bgcolor=\"#e0e2e3\">8<\/td>\n<td valign=\"top\" bgcolor=\"#e0e2e3\">Desperado<\/td>\n<td valign=\"top\" bgcolor=\"#e0e2e3\">1780<\/td>\n<td valign=\"top\" bgcolor=\"#e0e2e3\">Buffalo Bill&#8217;s Resort &#038; Casino<\/a><br \/>Nevada, USA<\/td>\n<td valign=\"top\" bgcolor=\"#e0e2e3\">1994<\/td>\n<\/tr>\n<tr>\n<td valign=\"top\" bgcolor=\"#e0e2e3\">9<\/td>\n<td valign=\"top\" bgcolor=\"#e0e2e3\">Steel Force<\/td>\n<td valign=\"top\" bgcolor=\"#e0e2e3\">1706<\/td>\n<td valign=\"top\" bgcolor=\"#e0e2e3\">Dorney Park &#038; Wildwater Kingdom<\/a><br \/>Pennsylvania, USA<\/td>\n<td valign=\"top\" bgcolor=\"#e0e2e3\">1997<\/td>\n<\/tr>\n<tr>\n<td valign=\"top\" bgcolor=\"#e0e2e3\"><\/td>\n<td valign=\"top\" bgcolor=\"#e0e2e3\">Mamba<\/td>\n<td valign=\"top\" bgcolor=\"#e0e2e3\">1706<\/td>\n<td valign=\"top\" bgcolor=\"#e0e2e3\">Worlds of Fun<\/a><br \/>Missouri, USA<\/td>\n<td valign=\"top\" bgcolor=\"#e0e2e3\">1998<\/td>\n<\/tr>\n<tr>\n<td valign=\"top\" bgcolor=\"#edeff0\">10<\/td>\n<td valign=\"top\" bgcolor=\"#edeff0\">Superman el \u00daltimo Escape<\/td>\n<td valign=\"top\" bgcolor=\"#edeff0\">1700<\/td>\n<td valign=\"top\" bgcolor=\"#edeff0\">Six Flags Mexico<\/a><br \/>Mexico City, Mexico<\/td>\n<td valign=\"top\" bgcolor=\"#edeff0\">2004<\/td>\n<\/tr>\n<\/table>\n<p>Achterbahnen mit einem &#8220;-&#8221; sind nicht mehr in Betrieb.<\/p>\n<div align=\"right\">\n<p>\n<br \/><a href=\"#TOP\">Zur\u00fcck nach Oben<\/a> | <a href=\"https:\/\/airtimers.com\/achterbahn-rekorde\/\" target=\"_self\" rel=\"noopener noreferrer\">zur \u00dcbersicht<\/a>\n<\/p>\n<\/div>\n<\/div>\n\n<fb:like href='https:\/\/airtimers.com\/en\/achterbahn-rekorde\/achterbahn-rekorde-stahlachterbahnen\/' send='false' layout='standard' show_faces='true' width='450' height='65' action='like' colorscheme='light' font='lucida grande'><\/fb:like>","protected":false},"excerpt":{"rendered":"<p>Hier findet Ihr alle Stahlachterbahnen die einen Weltrekord halten. Ber\u00fccksichtigt sind sowohl Bahnen deren Strecke einen geschlossenen Kreis bildet, als auch Shuttle Coaster. Die Kategorien sind: H\u00f6he | Geschwindigkeit | L\u00e4nge Zur\u00fcck zur \u00dcbersicht Die H\u00f6chsten der Welt Die H\u00f6he einer Bahn wird vom vom h\u00f6chsten Punkt der Strecke bis zum Boden gemessen. Manche Achterbahnen [&hellip;]<\/p>\n","protected":false},"author":1,"featured_media":0,"parent":2681,"menu_order":0,"comment_status":"open","ping_status":"open","template":"","meta":{"footnotes":""},"class_list":["post-2560","page","type-page","status-publish","hentry"],"_links":{"self":[{"href":"https:\/\/airtimers.com\/en\/wp-json\/wp\/v2\/pages\/2560","targetHints":{"allow":["GET"]}}],"collection":[{"href":"https:\/\/airtimers.com\/en\/wp-json\/wp\/v2\/pages"}],"about":[{"href":"https:\/\/airtimers.com\/en\/wp-json\/wp\/v2\/types\/page"}],"author":[{"embeddable":true,"href":"https:\/\/airtimers.com\/en\/wp-json\/wp\/v2\/users\/1"}],"replies":[{"embeddable":true,"href":"https:\/\/airtimers.com\/en\/wp-json\/wp\/v2\/comments?post=2560"}],"version-history":[{"count":0,"href":"https:\/\/airtimers.com\/en\/wp-json\/wp\/v2\/pages\/2560\/revisions"}],"up":[{"embeddable":true,"href":"https:\/\/airtimers.com\/en\/wp-json\/wp\/v2\/pages\/2681"}],"wp:attachment":[{"href":"https:\/\/airtimers.com\/en\/wp-json\/wp\/v2\/media?parent=2560"}],"curies":[{"name":"wp","href":"https:\/\/api.w.org\/{rel}","templated":true}]}}