{"id":2698,"date":"2010-04-26T13:42:10","date_gmt":"2010-04-26T12:42:10","guid":{"rendered":"http:\/\/airtimers.com\/?page_id=2698"},"modified":"2018-05-15T12:03:21","modified_gmt":"2018-05-15T10:03:21","slug":"achterbahn-rekorde-holzachterbahnen","status":"publish","type":"page","link":"https:\/\/airtimers.com\/en\/achterbahn-rekorde\/achterbahn-rekorde-holzachterbahnen\/","title":{"rendered":"Achterbahn Rekorde: Holzachterbahnen"},"content":{"rendered":"<div class=\"textLayoutHeader\">\nHier findet Ihr alle Holzachterbahnen die einen Weltrekord halten. Ber\u00fccksichtigt werden nur Bahnen deren Schienen auch traditionell aus Holzschichten gefertigt sind.<\/p>\n<p>Die Kategorien sind: <a href=\"#H\">H\u00f6he<\/a> | <a href=\"#S\">Geschwindigkeit<\/a> | <a href=\"#L\">L\u00e4nge<\/a><br \/>\n<a href=\"https:\/\/airtimers.com\/achterbahn-rekorde\/\" target=\"_self\">Zur\u00fcck zur \u00dcbersicht<\/a><\/p>\n<h2 id=\"H\">Die H\u00f6chsten der Welt<\/h2>\n<p>Die H\u00f6he einer Bahn wird vom vom h\u00f6chsten Punkt der Strecke bis zum Boden gemessen. Manche Achterbahnen nutzen Tunnel oder Gruben um die Abfahrt zu erh\u00f6hen, diese wirken sich jedoch nicht auf die tats\u00e4chliche H\u00f6he aus.<\/p>\n<table border=\"1\" frame=\"box\" rules=\"rows\" cellspacing=\"0\">\n<tr>\n<td bgcolor=\"#2970a6\" width=\"20\"><font color=\"#ffffff\"><b>#<\/b><\/font><\/td>\n<td bgcolor=\"#2970a6\" width=\"210\"><font color=\"#ffffff\"><b>Achterbahn<\/b><\/font><\/td>\n<td bgcolor=\"#2970a6\" width=\"50\"><font color=\"#ffffff\"><b>Meter<\/b><\/font><\/td>\n<td bgcolor=\"#2970a6\" width=\"210\"><font color=\"#ffffff\"><b>Park<\/b><\/font><\/td>\n<td bgcolor=\"#2970a6\"><font color=\"#ffffff\"><b>Jahr<\/b><\/font><\/td>\n<\/tr>\n<tr>\n<td valign=\"top\" bgcolor=\"#e0e2e3\">&#8211;<\/td>\n<td valign=\"top\" bgcolor=\"#e0e2e3\">Son of Beast<\/td>\n<td valign=\"top\" bgcolor=\"#e0e2e3\">66<\/td>\n<td valign=\"top\" bgcolor=\"#e0e2e3\">Kings Island<\/a><br \/>Ohio, USA<\/td>\n<td valign=\"top\" bgcolor=\"#e0e2e3\">2000\/2007<\/td>\n<\/tr>\n<tr>\n<td valign=\"top\" bgcolor=\"#edeff0\">1<\/td>\n<td valign=\"top\" bgcolor=\"#edeff0\">Colossos<\/td>\n<td valign=\"top\" bgcolor=\"#edeff0\">60<\/td>\n<td valign=\"top\" bgcolor=\"#edeff0\">Heide-Park Soltau<\/a><br \/>Niedersachsen, Deutschland<\/td>\n<td valign=\"top\" bgcolor=\"#edeff0\">2001<\/td>\n<\/tr>\n<tr>\n<td valign=\"top\" bgcolor=\"#e0e2e3\">2<\/td>\n<td valign=\"top\" bgcolor=\"#e0e2e3\">T Express<\/td>\n<td valign=\"top\" bgcolor=\"#e0e2e3\">56<\/td>\n<td valign=\"top\" bgcolor=\"#e0e2e3\">Everland<\/a><br \/>Gyeonggi-do, S\u00fcd Korea<\/td>\n<td valign=\"top\" bgcolor=\"#e0e2e3\">2008<\/td>\n<\/tr>\n<tr>\n<td valign=\"top\" bgcolor=\"#edeff0\">3<\/td>\n<td valign=\"top\" bgcolor=\"#edeff0\">El Toro<\/td>\n<td valign=\"top\" bgcolor=\"#edeff0\">55,2<\/td>\n<td valign=\"top\" bgcolor=\"#edeff0\">Six Flags Great Adventure<\/a><br \/>New Jersey, USA<\/td>\n<td valign=\"top\" bgcolor=\"#edeff0\">2006<\/td>\n<\/tr>\n<tr>\n<td valign=\"top\" bgcolor=\"#e0e2e3\">&#8211;<\/td>\n<td valign=\"top\" bgcolor=\"#e0e2e3\">Rattler<\/td>\n<td valign=\"top\" bgcolor=\"#e0e2e3\">54,7<\/td>\n<td valign=\"top\" bgcolor=\"#e0e2e3\">Six Flags Fiesta Texas<\/a><br \/>Texas, USA<\/td>\n<td valign=\"top\" bgcolor=\"#e0e2e3\">1992<\/td>\n<\/tr>\n<tr>\n<td valign=\"top\" bgcolor=\"#edeff0\">4<\/td>\n<td valign=\"top\" bgcolor=\"#edeff0\">Goliath<\/td>\n<td valign=\"top\" bgcolor=\"#edeff0\">50,3<\/td>\n<td valign=\"top\" bgcolor=\"#edeff0\">Six Flags Great America<\/a><br \/>Illinois, USA<\/td>\n<td valign=\"top\" bgcolor=\"#edeff0\">2014<\/td>\n<\/tr>\n<tr>\n<td valign=\"top\" bgcolor=\"#e0e2e3\">5<\/td>\n<td valign=\"top\" bgcolor=\"#e0e2e3\">Voyage<\/td>\n<td valign=\"top\" bgcolor=\"#e0e2e3\">49,7<\/td>\n<td valign=\"top\" bgcolor=\"#e0e2e3\">Holiday World<\/a><br \/>Indiana, USA<\/td>\n<td valign=\"top\" bgcolor=\"#e0e2e3\">2006<\/td>\n<\/tr>\n<tr>\n<td valign=\"top\" bgcolor=\"#edeff0\">6<\/td>\n<td valign=\"top\" bgcolor=\"#edeff0\">Mean Streak<\/td>\n<td valign=\"top\" bgcolor=\"#edeff0\">49,1<\/td>\n<td valign=\"top\" bgcolor=\"#edeff0\">Cedar Point<\/a><br \/>Ohio, USA<\/td>\n<td valign=\"top\" bgcolor=\"#edeff0\">1991<\/td>\n<\/tr>\n<tr>\n<td valign=\"top\" bgcolor=\"#e0e2e3\">7<\/td>\n<td valign=\"top\" bgcolor=\"#e0e2e3\">Wood Coaster<\/td>\n<td valign=\"top\" bgcolor=\"#e0e2e3\">44,8<\/td>\n<td valign=\"top\" bgcolor=\"#e0e2e3\">Knight Valley<\/a><br \/>Guangdong, China<\/td>\n<td valign=\"top\" bgcolor=\"#e0e2e3\">2011<\/td>\n<\/tr>\n<tr>\n<td valign=\"top\" bgcolor=\"#edeff0\">8<\/td>\n<td valign=\"top\" bgcolor=\"#edeff0\">White Cyclone<\/td>\n<td valign=\"top\" bgcolor=\"#edeff0\">42,4<\/td>\n<td valign=\"top\" bgcolor=\"#edeff0\">Nagashima Spa Land<\/a><br \/>Mie, Japan<\/td>\n<td valign=\"top\" bgcolor=\"#edeff0\">1995<\/td>\n<\/tr>\n<tr>\n<td valign=\"top\" bgcolor=\"#e0e2e3\">9<\/td>\n<td valign=\"top\" bgcolor=\"#e0e2e3\">Hades 360<\/td>\n<td valign=\"top\" bgcolor=\"#e0e2e3\">41,5<\/td>\n<td valign=\"top\" bgcolor=\"#e0e2e3\">Mt. Olympus Theme Park<\/a><br \/>Wisconsin, USA<\/td>\n<td valign=\"top\" bgcolor=\"#e0e2e3\">2005\/2013<\/td>\n<\/tr>\n<tr>\n<td valign=\"top\" bgcolor=\"#edeff0\">10<\/td>\n<td valign=\"top\" bgcolor=\"#edeff0\">Wodan Timbur Coaster<\/td>\n<td valign=\"top\" bgcolor=\"#edeff0\">40<\/td>\n<td valign=\"top\" bgcolor=\"#edeff0\">Europa-Park<\/a><br \/>Baden-W\u00fcrttemberg, Deutschland<\/td>\n<td valign=\"top\" bgcolor=\"#edeff0\">2012<\/td>\n<\/tr>\n<\/table>\n<p>Achterbahnen mit einem \u201c-\u201d sind nicht mehr in Betrieb.<\/p>\n<div align=\"right\">\n<p>\n<br \/><a href=\"#TOP\">Zur\u00fcck nach Oben<\/a> | <a href=\"https:\/\/airtimers.com\/achterbahn-rekorde\/\" target=\"_self\">zur \u00dcbersicht<\/a>\n<\/p>\n<\/div>\n<h2 id=\"S\">Die Schnellsten der Welt<\/h2>\n<p>Die hier angegebene Geschwindigkeit einer Bahn bezieht sich auf die maximale Geschwindigkeit die der Zug oder der Wagen an irgendeinem Punkt der Strecke erreicht.<\/p>\n<table border=\"1\" frame=\"box\" rules=\"rows\" cellspacing=\"0\">\n<tr>\n<td bgcolor=\"#2970a6\" width=\"20\"><font color=\"#ffffff\"><b>#<\/b><\/font><\/td>\n<td bgcolor=\"#2970a6\" width=\"210\"><font color=\"#ffffff\"><b>Achterbahn<\/b><\/font><\/td>\n<td bgcolor=\"#2970a6\" width=\"50\"><font color=\"#ffffff\"><b>Km\/h<\/b><\/font><\/td>\n<td bgcolor=\"#2970a6\" width=\"210\"><font color=\"#ffffff\"><b>Park<\/b><\/font><\/td>\n<td bgcolor=\"#2970a6\"><font color=\"#ffffff\"><b>Jahr<\/b><\/font><\/td>\n<\/tr>\n<tr>\n<td valign=\"top\" bgcolor=\"#e0e2e3\">&#8211;<\/td>\n<td valign=\"top\" bgcolor=\"#e0e2e3\">Son of Beast<\/td>\n<td valign=\"top\" bgcolor=\"#e0e2e3\">126<\/td>\n<td valign=\"top\" bgcolor=\"#e0e2e3\">Kings Island<\/a><br \/>Ohio, USA<\/td>\n<td valign=\"top\" bgcolor=\"#e0e2e3\">2000\/2007<\/td>\n<\/tr>\n<tr>\n<td valign=\"top\" bgcolor=\"#edeff0\">1<\/td>\n<td valign=\"top\" bgcolor=\"#edeff0\">Colossos<\/td>\n<td valign=\"top\" bgcolor=\"#edeff0\">120<\/td>\n<td valign=\"top\" bgcolor=\"#edeff0\">Heide-Park Soltau<\/a><br \/>Niedersachsen, Deutschland<\/td>\n<td valign=\"top\" bgcolor=\"#edeff0\">2001<\/td>\n<\/tr>\n<tr>\n<td valign=\"top\" bgcolor=\"#e0e2e3\">2<\/td>\n<td valign=\"top\" bgcolor=\"#e0e2e3\">Goliath<\/td>\n<td valign=\"top\" bgcolor=\"#e0e2e3\">115,9<\/td>\n<td valign=\"top\" bgcolor=\"#e0e2e3\">Six Flags Great America<\/a><br \/>Illinois, USA<\/td>\n<td valign=\"top\" bgcolor=\"#e0e2e3\">2014<\/td>\n<\/tr>\n<tr>\n<td valign=\"top\" bgcolor=\"#edeff0\">3<\/td>\n<td valign=\"top\" bgcolor=\"#edeff0\">El Toro<\/td>\n<td valign=\"top\" bgcolor=\"#edeff0\">112,7<\/td>\n<td valign=\"top\" bgcolor=\"#edeff0\">Six Flags Great Adventure<\/a><br \/>New Jersey, USA<\/td>\n<td valign=\"top\" bgcolor=\"#edeff0\">2006<\/td>\n<\/tr>\n<tr>\n<td valign=\"top\" bgcolor=\"#e0e2e3\">4<\/td>\n<td valign=\"top\" bgcolor=\"#e0e2e3\">Outlaw Run<\/td>\n<td valign=\"top\" bgcolor=\"#e0e2e3\">109,4<\/td>\n<td valign=\"top\" bgcolor=\"#e0e2e3\">Silver Dollar City<\/a><br \/>Missouri, USA<\/td>\n<td valign=\"top\" bgcolor=\"#e0e2e3\">2013<\/td>\n<\/tr>\n<tr>\n<td valign=\"top\" bgcolor=\"#edeff0\">5<\/td>\n<td valign=\"top\" bgcolor=\"#edeff0\">Voyage<\/td>\n<td valign=\"top\" bgcolor=\"#edeff0\">108,5<\/td>\n<td valign=\"top\" bgcolor=\"#edeff0\">Holiday World<\/a><br \/>Indiana, USA<\/td>\n<td valign=\"top\" bgcolor=\"#edeff0\">2006<\/td>\n<\/tr>\n<tr>\n<td valign=\"top\" bgcolor=\"#e0e2e3\">6<\/td>\n<td valign=\"top\" bgcolor=\"#e0e2e3\">Boss<\/td>\n<td valign=\"top\" bgcolor=\"#e0e2e3\">106,7<\/td>\n<td valign=\"top\" bgcolor=\"#e0e2e3\">Six Flags St. Louis<\/a><br \/>Missouri, USA<\/td>\n<td valign=\"top\" bgcolor=\"#e0e2e3\">2000<\/td>\n<\/tr>\n<tr>\n<td valign=\"top\" bgcolor=\"#edeff0\">7<\/td>\n<td valign=\"top\" bgcolor=\"#edeff0\">American Eagle<\/td>\n<td valign=\"top\" bgcolor=\"#edeff0\">106,2<\/td>\n<td valign=\"top\" bgcolor=\"#edeff0\">Six Flags Great America<\/a><br \/>Illinois, USA<\/td>\n<td valign=\"top\" bgcolor=\"#edeff0\">1981<\/td>\n<\/tr>\n<tr>\n<td valign=\"top\" bgcolor=\"#e0e2e3\">8<\/td>\n<td valign=\"top\" bgcolor=\"#e0e2e3\">Mean Streak<\/td>\n<td valign=\"top\" bgcolor=\"#e0e2e3\">104,6<\/td>\n<td valign=\"top\" bgcolor=\"#e0e2e3\">Cedar Point<\/a><br \/>Ohio, USA<\/td>\n<td valign=\"top\" bgcolor=\"#e0e2e3\">1991<\/td>\n<\/tr>\n<tr>\n<td valign=\"top\" bgcolor=\"#e0e2e3\">&#8211;<\/td>\n<td valign=\"top\" bgcolor=\"#e0e2e3\">Rattler<\/td>\n<td valign=\"top\" bgcolor=\"#e0e2e3\">104,6<\/td>\n<td valign=\"top\" bgcolor=\"#e0e2e3\">Six Flags Fiesta Texas<\/a><br \/>Texas, USA<\/td>\n<td valign=\"top\" bgcolor=\"#e0e2e3\">1992<\/td>\n<\/tr>\n<tr>\n<td valign=\"top\" bgcolor=\"#edeff0\">9<\/td>\n<td valign=\"top\" bgcolor=\"#edeff0\">Beast<\/td>\n<td valign=\"top\" bgcolor=\"#edeff0\">104,2<\/td>\n<td valign=\"top\" bgcolor=\"#edeff0\">Kings Island<\/a><br \/>Ohio, USA<\/td>\n<td valign=\"top\" bgcolor=\"#edeff0\">1979<\/td>\n<\/tr>\n<tr>\n<td valign=\"top\" bgcolor=\"#e0e2e3\">10<\/td>\n<td valign=\"top\" bgcolor=\"#e0e2e3\">T Express<\/td>\n<td valign=\"top\" bgcolor=\"#e0e2e3\">104<\/td>\n<td valign=\"top\" bgcolor=\"#e0e2e3\">Everland<\/a><br \/>Gyeonggi-do, S\u00fcd Korea<\/td>\n<td valign=\"top\" bgcolor=\"#e0e2e3\">2008<\/td>\n<\/tr>\n<\/table>\n<p>Achterbahnen mit einem \u201c-\u201d sind nicht mehr in Betrieb.<\/p>\n<div align=\"right\">\n<p>\n<br \/><a href=\"#TOP\">Zur\u00fcck nach Oben<\/a> | <a href=\"https:\/\/airtimers.com\/achterbahn-rekorde\/\" target=\"_self\">zur \u00dcbersicht<\/a>\n<\/p>\n<\/div>\n<h2 id=\"L\">Die L\u00e4ngsten der Welt<\/h2>\n<p>Die L\u00e4nge einer Bahn ist die gesamte L\u00e4nge der im Kreis befahrenen Strecke.<\/p>\n<table border=\"1\" frame=\"box\" rules=\"rows\" cellspacing=\"0\">\n<tr>\n<td bgcolor=\"#2970a6\" width=\"20\"><font color=\"#ffffff\"><b>#<\/b><\/font><\/td>\n<td bgcolor=\"#2970a6\" width=\"210\"><font color=\"#ffffff\"><b>Achterbahn<\/b><\/font><\/td>\n<td bgcolor=\"#2970a6\" width=\"50\"><font color=\"#ffffff\"><b>Meter<\/b><\/font><\/td>\n<td bgcolor=\"#2970a6\" width=\"210\"><font color=\"#ffffff\"><b>Park<\/b><\/font><\/td>\n<td bgcolor=\"#2970a6\"><font color=\"#ffffff\"><b>Jahr<\/b><\/font><\/td>\n<\/tr>\n<tr>\n<td valign=\"top\" bgcolor=\"#e0e2e3\">1<\/td>\n<td valign=\"top\" bgcolor=\"#e0e2e3\">Beast<\/td>\n<td valign=\"top\" bgcolor=\"#e0e2e3\">2243<\/td>\n<td valign=\"top\" bgcolor=\"#e0e2e3\">Kings Island<\/a><br \/>Ohio, USA<\/td>\n<td valign=\"top\" bgcolor=\"#e0e2e3\">1979<\/td>\n<\/tr>\n<tr>\n<td valign=\"top\" bgcolor=\"#edeff0\">&#8211;<\/td>\n<td valign=\"top\" bgcolor=\"#edeff0\">Son of Beast<\/td>\n<td valign=\"top\" bgcolor=\"#edeff0\">2143<\/td>\n<td valign=\"top\" bgcolor=\"#edeff0\">Kings Island<\/a><br \/>Ohio, USA<\/td>\n<td valign=\"top\" bgcolor=\"#edeff0\">2000\/2007<\/td>\n<\/tr>\n<tr>\n<td valign=\"top\" bgcolor=\"#e0e2e3\">2<\/td>\n<td valign=\"top\" bgcolor=\"#e0e2e3\">Voyage<\/td>\n<td valign=\"top\" bgcolor=\"#e0e2e3\">1963<\/td>\n<td valign=\"top\" bgcolor=\"#e0e2e3\">Holiday World<\/a><br \/>Indiana, USA<\/td>\n<td valign=\"top\" bgcolor=\"#e0e2e3\">2006<\/td>\n<\/tr>\n<tr>\n<td valign=\"top\" bgcolor=\"#edeff0\">3<\/td>\n<td valign=\"top\" bgcolor=\"#edeff0\">White Cyclone<\/td>\n<td valign=\"top\" bgcolor=\"#edeff0\">1700<\/td>\n<td valign=\"top\" bgcolor=\"#edeff0\">Nagashima Spa Land<\/a><br \/>Mie, Japan<\/td>\n<td valign=\"top\" bgcolor=\"#edeff0\">1995<\/td>\n<\/tr>\n<tr>\n<td valign=\"top\" bgcolor=\"#e0e2e3\">4<\/td>\n<td valign=\"top\" bgcolor=\"#e0e2e3\">Mean Streak<\/td>\n<td valign=\"top\" bgcolor=\"#e0e2e3\">1654<\/td>\n<td valign=\"top\" bgcolor=\"#e0e2e3\">Cedar Point<\/a><br \/>Ohio, USA<\/td>\n<td valign=\"top\" bgcolor=\"#e0e2e3\">1991<\/td>\n<\/tr>\n<tr>\n<td valign=\"top\" bgcolor=\"#edeff0\">5<\/td>\n<td valign=\"top\" bgcolor=\"#edeff0\">T Express<\/td>\n<td valign=\"top\" bgcolor=\"#edeff0\">1648<\/td>\n<td valign=\"top\" bgcolor=\"#edeff0\">Everland<\/a><br \/>Gyeonggi-do, S\u00fcd Korea<\/td>\n<td valign=\"top\" bgcolor=\"#edeff0\">2001<\/td>\n<\/tr>\n<tr>\n<td valign=\"top\" bgcolor=\"#e0e2e3\">6<\/td>\n<td valign=\"top\" bgcolor=\"#e0e2e3\">Shivering Timbers<\/td>\n<td valign=\"top\" bgcolor=\"#e0e2e3\">1640<\/td>\n<td valign=\"top\" bgcolor=\"#e0e2e3\">Michigan&#8217;s Adventure<\/a><br \/>Michigan, USA<\/td>\n<td valign=\"top\" bgcolor=\"#e0e2e3\">1998<\/td>\n<\/tr>\n<tr>\n<td valign=\"top\" bgcolor=\"#edeff0\">7<\/td>\n<td valign=\"top\" bgcolor=\"#edeff0\">Jupiter<\/td>\n<td valign=\"top\" bgcolor=\"#edeff0\">1600<\/td>\n<td valign=\"top\" bgcolor=\"#edeff0\">Kijima Kogen<\/a><br \/>Oita, Japan<\/td>\n<td valign=\"top\" bgcolor=\"#edeff0\">1992<\/td>\n<\/tr>\n<tr>\n<td valign=\"top\" bgcolor=\"#e0e2e3\">&#8211;<\/td>\n<td valign=\"top\" bgcolor=\"#e0e2e3\">Rattler<\/td>\n<td valign=\"top\" bgcolor=\"#e0e2e3\">1548<\/td>\n<td valign=\"top\" bgcolor=\"#e0e2e3\">Six Flags Fiesta Texas<\/a><br \/>Texas, USA<\/td>\n<td valign=\"top\" bgcolor=\"#e0e2e3\">1992<\/td>\n<\/tr>\n<tr>\n<td valign=\"top\" bgcolor=\"#edeff0\">8<\/td>\n<td valign=\"top\" bgcolor=\"#edeff0\">Boss<\/td>\n<td valign=\"top\" bgcolor=\"#edeff0\">1539<\/td>\n<td valign=\"top\" bgcolor=\"#edeff0\">Six Flags St. Louis<\/a><br \/>Missouri, USA<\/td>\n<td valign=\"top\" bgcolor=\"#edeff0\">2000<\/td>\n<\/tr>\n<tr>\n<td valign=\"top\" bgcolor=\"#e0e2e3\">9<\/td>\n<td valign=\"top\" bgcolor=\"#e0e2e3\">Wood Coaster<\/td>\n<td valign=\"top\" bgcolor=\"#e0e2e3\">1468<\/td>\n<td valign=\"top\" bgcolor=\"#e0e2e3\">Knight Valley<\/a><br \/>Guangdong, China<\/td>\n<td valign=\"top\" bgcolor=\"#e0e2e3\">2011<\/td>\n<\/tr>\n<tr>\n<td valign=\"top\" bgcolor=\"#edeff0\">10<\/td>\n<td valign=\"top\" bgcolor=\"#edeff0\">Hades 360<\/td>\n<td valign=\"top\" bgcolor=\"#edeff0\">1446<\/td>\n<td valign=\"top\" bgcolor=\"#edeff0\">Mt. Olympus Water &#038; Theme Park<\/a><br \/>Wisconsin, USA<\/td>\n<td valign=\"top\" bgcolor=\"#edeff0\">2005\/2013<\/td>\n<\/tr>\n<\/table>\n<p>Achterbahnen mit einem \u201c-\u201d sind nicht mehr in Betrieb.<\/p>\n<div align=\"right\">\n<p>\n<br \/><a href=\"#TOP\">Zur\u00fcck nach Oben<\/a> | <a href=\"https:\/\/airtimers.com\/achterbahn-rekorde\/\" target=\"_self\">zur \u00dcbersicht<\/a>\n<\/p>\n<\/div>\n<\/div>\n\n<fb:like href='https:\/\/airtimers.com\/en\/achterbahn-rekorde\/achterbahn-rekorde-holzachterbahnen\/' send='false' layout='standard' show_faces='true' width='450' height='65' action='like' colorscheme='light' font='lucida grande'><\/fb:like>","protected":false},"excerpt":{"rendered":"<p>Hier findet Ihr alle Holzachterbahnen die einen Weltrekord halten. Ber\u00fccksichtigt werden nur Bahnen deren Schienen auch traditionell aus Holzschichten gefertigt sind. Die Kategorien sind: H\u00f6he | Geschwindigkeit | L\u00e4nge Zur\u00fcck zur \u00dcbersicht Die H\u00f6chsten der Welt Die H\u00f6he einer Bahn wird vom vom h\u00f6chsten Punkt der Strecke bis zum Boden gemessen. Manche Achterbahnen nutzen Tunnel [&hellip;]<\/p>\n","protected":false},"author":1,"featured_media":0,"parent":2681,"menu_order":0,"comment_status":"open","ping_status":"open","template":"","meta":{"footnotes":""},"class_list":["post-2698","page","type-page","status-publish","hentry"],"_links":{"self":[{"href":"https:\/\/airtimers.com\/en\/wp-json\/wp\/v2\/pages\/2698","targetHints":{"allow":["GET"]}}],"collection":[{"href":"https:\/\/airtimers.com\/en\/wp-json\/wp\/v2\/pages"}],"about":[{"href":"https:\/\/airtimers.com\/en\/wp-json\/wp\/v2\/types\/page"}],"author":[{"embeddable":true,"href":"https:\/\/airtimers.com\/en\/wp-json\/wp\/v2\/users\/1"}],"replies":[{"embeddable":true,"href":"https:\/\/airtimers.com\/en\/wp-json\/wp\/v2\/comments?post=2698"}],"version-history":[{"count":0,"href":"https:\/\/airtimers.com\/en\/wp-json\/wp\/v2\/pages\/2698\/revisions"}],"up":[{"embeddable":true,"href":"https:\/\/airtimers.com\/en\/wp-json\/wp\/v2\/pages\/2681"}],"wp:attachment":[{"href":"https:\/\/airtimers.com\/en\/wp-json\/wp\/v2\/media?parent=2698"}],"curies":[{"name":"wp","href":"https:\/\/api.w.org\/{rel}","templated":true}]}}