{"id":2819,"date":"2010-04-26T13:43:16","date_gmt":"2010-04-26T12:43:16","guid":{"rendered":"http:\/\/airtimers.com\/?page_id=2819"},"modified":"2018-05-16T14:49:24","modified_gmt":"2018-05-16T12:49:24","slug":"achterbahn-rekorde-weitere-rekorde","status":"publish","type":"page","link":"https:\/\/airtimers.com\/en\/achterbahn-rekorde\/achterbahn-rekorde-weitere-rekorde\/","title":{"rendered":"Achterbahn Rekorde: Weitere Rekorde"},"content":{"rendered":"<div class=\"textLayoutHeader\">\nTausende von Achterbahnen weltweit, bieten auch eine schier endlose Menge an m\u00f6glichen Rekorden. Da es unm\u00f6glich ist, diese alle festzuhalten, findet Ihr hier eine kleine Auswahl an Rekorden, die es nicht in unsere Hauptlisten geschafft haben.<\/p>\n<p><a href=\"#T\">Zeitlinie der h\u00f6chsten<\/a> | <a href=\"#I\">die meisten Inversionen<\/a> | <a href=\"#S\">die steilsten<\/a> | <a href=\"#O\">die \u00e4lteste<\/a> | <a href=\"#D\">nach dem Typ<\/a><br \/>\n<a href=\"https:\/\/airtimers.com\/achterbahn-rekorde\/\" target=\"_self\">Zur\u00fcck zur \u00dcbersicht<\/a><\/p>\n<h2 id=\"T\">Zeitliche Reihenfolge der H\u00f6chsten Achterbahnen<\/h2>\n<p>Hier findet Ihr zeitlich sortiert alle Achterbahnen die jemals den Titel der H\u00f6chsten der Welt inne hatten. Die H\u00f6he wurde dabei vom vom h\u00f6chsten Punkt der Strecke bis zum Boden gemessen.<\/p>\n<table border=\"1\" frame=\"box\" rules=\"rows\" cellspacing=\"0\">\n<tr>\n<td bgcolor=\"#2970a6\"><font color=\"#ffffff\"><b>Jahr<\/b><\/font><\/td>\n<td bgcolor=\"#2970a6\" width=\"210\"><font color=\"#ffffff\"><b>Achterbahn<\/b><\/font><\/td>\n<td bgcolor=\"#2970a6\" width=\"50\"><font color=\"#ffffff\"><b>Meter<\/b><\/font><\/td>\n<td bgcolor=\"#2970a6\" width=\"230\"><font color=\"#ffffff\"><b>Park<\/b><\/font><\/td>\n<\/tr>\n<tr>\n<td valign=\"top\" bgcolor=\"#edeff0\">1964<\/td>\n<td valign=\"top\" bgcolor=\"#edeff0\">Serpent of Fire<\/td>\n<td valign=\"top\" bgcolor=\"#edeff0\">30,4<\/td>\n<td valign=\"top\" bgcolor=\"#edeff0\">La Feria Chapultepec Magico<\/a><br \/>Distrito Federal, Mexiko<\/td>\n<\/tr>\n<tr>\n<td valign=\"top\" bgcolor=\"#e0e2e3\">1978<\/td>\n<td valign=\"top\" bgcolor=\"#e0e2e3\">Colossus<\/td>\n<td valign=\"top\" bgcolor=\"#e0e2e3\">38<\/td>\n<td valign=\"top\" bgcolor=\"#e0e2e3\">Six Flags Magic Mountain<\/a><br \/>California, USA<\/td>\n<\/tr>\n<tr>\n<td valign=\"top\" bgcolor=\"#edeff0\">1978<\/td>\n<td valign=\"top\" bgcolor=\"#edeff0\">Gemini<\/td>\n<td valign=\"top\" bgcolor=\"#edeff0\">38<\/td>\n<td valign=\"top\" bgcolor=\"#edeff0\">Cedar Point<\/a><br \/>Ohio, USA<\/td>\n<\/tr>\n<tr>\n<td valign=\"top\" bgcolor=\"#e0e2e3\">1988<\/td>\n<td valign=\"top\" bgcolor=\"#e0e2e3\">Shockwave<\/td>\n<td valign=\"top\" bgcolor=\"#e0e2e3\">51,8<\/td>\n<td valign=\"top\" bgcolor=\"#e0e2e3\">Six Flags Great America<\/a><br \/>Illinois, USA<\/td>\n<\/tr>\n<tr>\n<td valign=\"top\" bgcolor=\"#edeff0\">1989<\/td>\n<td valign=\"top\" bgcolor=\"#edeff0\">Magnum XL-200<\/td>\n<td valign=\"top\" bgcolor=\"#edeff0\">61,2<\/td>\n<td valign=\"top\" bgcolor=\"#edeff0\">Cedar Point<\/a><br \/>Ohio, USA<\/td>\n<\/tr>\n<tr>\n<td valign=\"top\" bgcolor=\"#e0e2e3\">1994<\/td>\n<td valign=\"top\" bgcolor=\"#e0e2e3\">Desperado<\/td>\n<td valign=\"top\" bgcolor=\"#e0e2e3\">63,7<\/td>\n<td valign=\"top\" bgcolor=\"#e0e2e3\">Buffalo Bill&#8217;s Resort &#038; Casino<\/a><br \/>Nevada, USA<\/td>\n<\/tr>\n<tr>\n<td valign=\"top\" bgcolor=\"#edeff0\">1994<\/td>\n<td valign=\"top\" bgcolor=\"#edeff0\">Pepsi-Max Big One<\/td>\n<td valign=\"top\" bgcolor=\"#edeff0\">64,9<\/td>\n<td valign=\"top\" bgcolor=\"#edeff0\">Pleasure Beach<\/a><br \/>Blackpool, UK<\/td>\n<\/tr>\n<tr>\n<td valign=\"top\" bgcolor=\"#e0e2e3\">1997<\/td>\n<td valign=\"top\" bgcolor=\"#e0e2e3\">Fujiyama<\/td>\n<td valign=\"top\" bgcolor=\"#e0e2e3\">78,9<\/td>\n<td valign=\"top\" bgcolor=\"#e0e2e3\">Nagashima Spa Land<\/a><br \/>Mie, Japan<\/td>\n<\/tr>\n<tr>\n<td valign=\"top\" bgcolor=\"#edeff0\">2000<\/td>\n<td valign=\"top\" bgcolor=\"#edeff0\">Millennium Force<\/td>\n<td valign=\"top\" bgcolor=\"#edeff0\">94,4<\/td>\n<td valign=\"top\" bgcolor=\"#edeff0\">Cedar Point<\/a><br \/>Ohio, USA<\/td>\n<\/tr>\n<tr>\n<td valign=\"top\" bgcolor=\"#e0e2e3\">2000<\/td>\n<td valign=\"top\" bgcolor=\"#e0e2e3\">Steel Dragon 2000<\/td>\n<td valign=\"top\" bgcolor=\"#e0e2e3\">96,9<\/td>\n<td valign=\"top\" bgcolor=\"#e0e2e3\">Nagashima Spa Land<\/a><br \/>Mie, Japan<\/td>\n<\/tr>\n<tr>\n<td valign=\"top\" bgcolor=\"#edeff0\">2003<\/td>\n<td valign=\"top\" bgcolor=\"#edeff0\">Top Thrill Dragster<\/td>\n<td valign=\"top\" bgcolor=\"#edeff0\">128<\/td>\n<td valign=\"top\" bgcolor=\"#edeff0\">Cedar Point<\/a><br \/>Ohio, USA<\/td>\n<\/tr>\n<tr>\n<td valign=\"top\" bgcolor=\"#e0e2e3\">2005<\/td>\n<td valign=\"top\" bgcolor=\"#e0e2e3\">Kingda Ka<\/td>\n<td valign=\"top\" bgcolor=\"#e0e2e3\">138,9<\/td>\n<td valign=\"top\" bgcolor=\"#e0e2e3\">Great Adventure<\/a><br \/>New Jersey, USA<\/td>\n<\/tr>\n<\/table>\n<div align=\"right\">\n<p>\n<br \/><a href=\"#TOP\">Zur\u00fcck nach Oben<\/a> | <a href=\"https:\/\/airtimers.com\/achterbahn-rekorde\/\" target=\"_self\">zur \u00dcbersicht<\/a>\n<\/p>\n<\/div>\n<h2 id=\"I\">Die Achterbahnen mit den meisten Inversionen<\/h2>\n<p>Inversionen sind Streckenelemente die den Fahrgast Kopf \u00fcber drehen. Zum Beispiel ein Looping oder eine Korkenzieher-Rolle.<\/p>\n<table border=\"1\" frame=\"box\" rules=\"rows\" cellspacing=\"0\">\n<tr>\n<td bgcolor=\"#2970a6\" width=\"20\"><font color=\"#ffffff\"><b>#<\/b><\/font><\/td>\n<td bgcolor=\"#2970a6\" width=\"210\"><font color=\"#ffffff\"><b>Achterbahn<\/b><\/font><\/td>\n<td bgcolor=\"#2970a6\" width=\"50\"><font color=\"#ffffff\"><b>Anzahl<\/b><\/font><\/td>\n<td bgcolor=\"#2970a6\" width=\"210\"><font color=\"#ffffff\"><b>Park<\/b><\/font><\/td>\n<td bgcolor=\"#2970a6\"><font color=\"#ffffff\"><b>Jahr<\/b><\/font><\/td>\n<\/tr>\n<tr>\n<td valign=\"top\" bgcolor=\"#edeff0\">1<\/td>\n<td valign=\"top\" bgcolor=\"#edeff0\">Smiler<\/td>\n<td valign=\"top\" bgcolor=\"#edeff0\">14<\/td>\n<td valign=\"top\" bgcolor=\"#edeff0\">Alton Towers<\/a><br \/> Staffordshire, United Kingdom<\/td>\n<td valign=\"top\" bgcolor=\"#edeff0\">2013<\/td>\n<\/tr>\n<tr>\n<td valign=\"top\" bgcolor=\"#edeff0\">2<\/td>\n<td valign=\"top\" bgcolor=\"#edeff0\">Journey to the Stars<\/td>\n<td valign=\"top\" bgcolor=\"#edeff0\">11<\/td>\n<td valign=\"top\" bgcolor=\"#edeff0\">Jinling Happy World<\/a><br \/>Jin&#8217;an, China<\/td>\n<td valign=\"top\" bgcolor=\"#edeff0\">2014<\/td>\n<\/tr>\n<tr>\n<td valign=\"top\" bgcolor=\"#edeff0\">3<\/td>\n<td valign=\"top\" bgcolor=\"#edeff0\">10 Inversion Roller Coaster<\/td>\n<td valign=\"top\" bgcolor=\"#edeff0\">10<\/td>\n<td valign=\"top\" bgcolor=\"#edeff0\">Chimelong Paradise<\/a><br \/>Guangdong, China<\/td>\n<td valign=\"top\" bgcolor=\"#edeff0\">2006<\/td>\n<\/tr>\n<tr>\n<td valign=\"top\" bgcolor=\"#e0e2e3\">4<\/td>\n<td valign=\"top\" bgcolor=\"#e0e2e3\">Colossus<\/td>\n<td valign=\"top\" bgcolor=\"#e0e2e3\">10<\/td>\n<td valign=\"top\" bgcolor=\"#e0e2e3\">Thorpe Park<\/a><br \/>Surrey, UK<\/td>\n<td valign=\"top\" bgcolor=\"#e0e2e3\">2002<\/td>\n<\/tr>\n<tr>\n<td valign=\"top\" bgcolor=\"#edeff0\">5<\/td>\n<td valign=\"top\" bgcolor=\"#edeff0\">Altair CCW-0204<\/td>\n<td valign=\"top\" bgcolor=\"#edeff0\">10<\/td>\n<td valign=\"top\" bgcolor=\"#edeff0\">Cinecitt\u00e1 World<\/a><br \/>Rom, Italien<\/td>\n<td valign=\"top\" bgcolor=\"#edeff0\">2014<\/td>\n<\/tr>\n<tr>\n<td valign=\"top\" bgcolor=\"#e0e2e3\">6<\/td>\n<td valign=\"top\" bgcolor=\"#e0e2e3\">Crazy Coaster<\/td>\n<td valign=\"top\" bgcolor=\"#e0e2e3\">10<\/td>\n<td valign=\"top\" bgcolor=\"#e0e2e3\">Loca Joy Holiday Theme Park<\/a><br \/>Chongqing, China<\/td>\n<td valign=\"top\" bgcolor=\"#e0e2e3\">1995<\/td>\n<\/tr>\n<\/table>\n<div align=\"right\">\n<p>\n<br \/><a href=\"#TOP\">Zur\u00fcck nach Oben<\/a> | <a href=\"https:\/\/airtimers.com\/achterbahn-rekorde\/\" target=\"_self\">zur \u00dcbersicht<\/a>\n<\/p>\n<\/div>\n<h2 id=\"S\">Die Steilsten Achterbahnen<\/h2>\n<p>Eine Rekord Kategorie die in den letzten Jahren leider etwas an Attraktivit\u00e4t verloren hat, da inzwischen mehrfach Gef\u00e4lle weit \u00fcber 90\u00b0 erreicht wurden.<\/p>\n<table border=\"1\" frame=\"box\" rules=\"rows\" cellspacing=\"0\">\n<tr>\n<td bgcolor=\"#2970a6\" width=\"20\"><font color=\"#ffffff\"><b>#<\/b><\/font><\/td>\n<td bgcolor=\"#2970a6\" width=\"210\"><font color=\"#ffffff\"><b>Achterbahn<\/b><\/font><\/td>\n<td bgcolor=\"#2970a6\" width=\"50\"><font color=\"#ffffff\"><b>Gef\u00e4lle<\/b><\/font><\/td>\n<td bgcolor=\"#2970a6\" width=\"210\"><font color=\"#ffffff\"><b>Park<\/b><\/font><\/td>\n<td bgcolor=\"#2970a6\"><font color=\"#ffffff\"><b>Jahr<\/b><\/font><\/td>\n<\/tr>\n<tr>\n<td valign=\"top\" bgcolor=\"#edeff0\">1<\/td>\n<td valign=\"top\" bgcolor=\"#edeff0\">Takabisha<\/td>\n<td valign=\"top\" bgcolor=\"#edeff0\">121\u00b0<\/td>\n<td valign=\"top\" bgcolor=\"#edeff0\">Fuji-Q Highland<\/a><br \/>Yamanashi, Japan<\/td>\n<td valign=\"top\" bgcolor=\"#edeff0\">2011<\/td>\n<\/tr>\n<tr>\n<td valign=\"top\" bgcolor=\"#e0e2e3\">2<\/td>\n<td valign=\"top\" bgcolor=\"#e0e2e3\">Green Lantern Coaster<\/td>\n<td valign=\"top\" bgcolor=\"#e0e2e3\">120,5\u00b0<\/td>\n<td valign=\"top\" bgcolor=\"#e0e2e3\">Warner Bros. Movie World<\/a><br \/>Queensland, Australien<\/td>\n<td valign=\"top\" bgcolor=\"#e0e2e3\">2011<\/td>\n<\/tr>\n<tr>\n<td valign=\"top\" bgcolor=\"#edeff0\">3<\/td>\n<td valign=\"top\" bgcolor=\"#edeff0\">Timber Drop<\/td>\n<td valign=\"top\" bgcolor=\"#edeff0\">113\u00b0<\/td>\n<td valign=\"top\" bgcolor=\"#edeff0\">Fraispertuis City<\/a><br \/>Lorraine, Frankreich<\/td>\n<td valign=\"top\" bgcolor=\"#edeff0\">2011<\/td>\n<\/tr>\n<tr>\n<td valign=\"top\" bgcolor=\"#e0e2e3\">4<\/td>\n<td valign=\"top\" bgcolor=\"#e0e2e3\">Mumbo Jumbo<\/td>\n<td valign=\"top\" bgcolor=\"#e0e2e3\">112\u00b0<\/td>\n<td valign=\"top\" bgcolor=\"#e0e2e3\">Flamingo Land Theme Park &#038; Zoo <\/a><br \/>Yorkshire, UK<\/td>\n<td valign=\"top\" bgcolor=\"#e0e2e3\">2009<\/td>\n<\/tr>\n<tr>\n<td valign=\"top\" bgcolor=\"#edeff0\">5<\/td>\n<td valign=\"top\" bgcolor=\"#edeff0\">Steel Hawk<\/td>\n<td valign=\"top\" bgcolor=\"#edeff0\">111\u00b0<\/td>\n<td valign=\"top\" bgcolor=\"#edeff0\">Indiana Beach<\/a><br \/>Indiana, USA<\/td>\n<td valign=\"top\" bgcolor=\"#edeff0\">2008<\/td>\n<\/tr>\n<tr>\n<td valign=\"top\" bgcolor=\"#e0e2e3\">6<\/td>\n<td valign=\"top\" bgcolor=\"#e0e2e3\">Vild Svinet<\/td>\n<td valign=\"top\" bgcolor=\"#e0e2e3\">97\u00b0<\/td>\n<td valign=\"top\" bgcolor=\"#e0e2e3\">Bonbon Land<\/a><br \/>Holme-Olstrup, D\u00e4nemark<\/td>\n<td valign=\"top\" bgcolor=\"#e0e2e3\">2003<\/td>\n<\/tr>\n<\/table>\n<div align=\"right\">\n<p>\n<br \/><a href=\"#TOP\">Zur\u00fcck nach Oben<\/a> | <a href=\"https:\/\/airtimers.com\/achterbahn-rekorde\/\" target=\"_self\">zur \u00dcbersicht<\/a>\n<\/p>\n<\/div>\n<h2 id=\"D\">Rekorde nach einzelnen Achterbahn Typen<\/h2>\n<p>Hier findet Ihre eine kurze Liste der h\u00f6chsten, schnellsten und l\u00e4ngsten Achterbahnen, sortiert nach Ihrem Typ. Normale Achterbahnen bei der der Fahrgast die Fahrt im Sitzen verbringt wurden hier nicht nochmals ber\u00fccksichtigt.<\/p>\n<p><strong>4D Coaster<\/strong><br \/>\nH\u00f6chste: Eejanaika (76 m), Fuji-Q Highland, Japan<br \/>\nSchnellste: Eejanaika (126 km\/h), Fuji-Q Highland, Japan<br \/>\nL\u00e4ngste: Eejanaika (1153 m), Fuji-Q Highland, Japan<\/p>\n<p><strong>Bobsled<\/strong><br \/>\nH\u00f6chste: Lake Placid Bobsled (38,1 m), Palisades Amusement Park, USA<br \/>\nSchnellste: Munich Autobahn (70 km\/h), Kobe Portopialand, Japan<br \/>\nL\u00e4ngste: Schweizer Bobbahn (990 m), Heide-Park Soltau, Deutschland<\/p>\n<p><strong>Flying Coaster<\/strong><br \/>\nH\u00f6chste: Tatsu (51,8 m), Six Flags Magic Mountain, USA<br \/>\nSchnellste: Tatsu (99,8 km\/h), Six Flags Magic Mountain, USA<br \/>\nL\u00e4ngste: Tatsu (1097,9 m), Six Flags Magic Mountain, USA<\/p>\n<p><strong>Inverted Coaster<\/strong><br \/>\nH\u00f6chste: Wicked Twister (65,5 m), Cedar Point, USA<br \/>\nSchnellste: Wicked Twister (115,9 km\/h), Cedar Point, USA<br \/>\nL\u00e4ngste: Banshee (1257 m), Kings Island, USA<\/p>\n<p><strong>Stand-Up Coaster<\/strong><br \/>\nH\u00f6chste: Riddler&#8217;s Revenge (47,5 m), Six Flags Magic Mountain, USA<br \/>\nSchnellste: Riddler&#8217;s Revenge (104,6 km\/h), Six Flags Magic Mountain, USA<br \/>\nL\u00e4ngste: Riddler&#8217;s Revenge (1332 m), Six Flags Magic Mountain, USA<\/p>\n<div align=\"right\">\n<p>\n<br \/><a href=\"#TOP\">Zur\u00fcck nach Oben<\/a> | <a href=\"https:\/\/airtimers.com\/achterbahn-rekorde\/\" target=\"_self\">zur \u00dcbersicht<\/a>\n<\/p>\n<\/div>\n<h2 id=\"O\">Die \u00e4lteste sich im Betrieb befindende Achterbahn <\/h2>\n<p>Die Side-Friction Holzachterbahn &#8220;Leap The Dips&#8221; aus dem Jahre 1902. Unglaublich, aber dieser Oldtimer wird noch immer liebevoll gewartet und steht im Lakemont Park in Altoona.<\/p>\n<div align=\"right\">\n<p>\n<br \/><a href=\"#TOP\">Zur\u00fcck nach Oben<\/a> | <a href=\"https:\/\/airtimers.com\/achterbahn-rekorde\/\" target=\"_self\">zur \u00dcbersicht<\/a>\n<\/p>\n<\/div>\n<\/div>\n\n<fb:like href='https:\/\/airtimers.com\/en\/achterbahn-rekorde\/achterbahn-rekorde-weitere-rekorde\/' send='false' layout='standard' show_faces='true' width='450' height='65' action='like' colorscheme='light' font='lucida grande'><\/fb:like>","protected":false},"excerpt":{"rendered":"<p>Tausende von Achterbahnen weltweit, bieten auch eine schier endlose Menge an m\u00f6glichen Rekorden. Da es unm\u00f6glich ist, diese alle festzuhalten, findet Ihr hier eine kleine Auswahl an Rekorden, die es nicht in unsere Hauptlisten geschafft haben. Zeitlinie der h\u00f6chsten | die meisten Inversionen | die steilsten | die \u00e4lteste | nach dem Typ Zur\u00fcck zur [&hellip;]<\/p>\n","protected":false},"author":1,"featured_media":0,"parent":2681,"menu_order":0,"comment_status":"open","ping_status":"closed","template":"","meta":{"footnotes":""},"class_list":["post-2819","page","type-page","status-publish","hentry"],"_links":{"self":[{"href":"https:\/\/airtimers.com\/en\/wp-json\/wp\/v2\/pages\/2819","targetHints":{"allow":["GET"]}}],"collection":[{"href":"https:\/\/airtimers.com\/en\/wp-json\/wp\/v2\/pages"}],"about":[{"href":"https:\/\/airtimers.com\/en\/wp-json\/wp\/v2\/types\/page"}],"author":[{"embeddable":true,"href":"https:\/\/airtimers.com\/en\/wp-json\/wp\/v2\/users\/1"}],"replies":[{"embeddable":true,"href":"https:\/\/airtimers.com\/en\/wp-json\/wp\/v2\/comments?post=2819"}],"version-history":[{"count":0,"href":"https:\/\/airtimers.com\/en\/wp-json\/wp\/v2\/pages\/2819\/revisions"}],"up":[{"embeddable":true,"href":"https:\/\/airtimers.com\/en\/wp-json\/wp\/v2\/pages\/2681"}],"wp:attachment":[{"href":"https:\/\/airtimers.com\/en\/wp-json\/wp\/v2\/media?parent=2819"}],"curies":[{"name":"wp","href":"https:\/\/api.w.org\/{rel}","templated":true}]}}