{"id":9040,"date":"2011-05-09T09:16:18","date_gmt":"2011-05-09T07:16:18","guid":{"rendered":"http:\/\/airtimers.com\/"},"modified":"2011-08-18T16:38:21","modified_gmt":"2011-08-18T14:38:21","slug":"airtimers-haunted-bus-tour-2011","status":"publish","type":"page","link":"https:\/\/airtimers.com\/en\/airtimers-haunted-bus-tour-2011\/","title":{"rendered":"Airtimers Haunted Bus Tour 2011"},"content":{"rendered":"<p><img class=\"colorbox-9040\"  decoding=\"async\" src=\"https:\/\/airtimers.com\/gfx\/HBT2011\/HBT-Header.png\" alt=\"Haunted Bus Tour 2011\" \/><\/p>\n<p>Airtimers on Tour \u2013 und Ihr mit dabei. Coaster, Airtime, Adrenalin. Vom 29. Oktober bis 2. November sind wir auf einer exklusiven, gro\u00dfen Halloween Tour durch Deutschland, Holland und Frankreich unterwegs. Auf Euch warten neben dem Europa Park und Walibi Holland auch noch der Movie Park Germany, Avonturenpark und der Walygator Parc. 29 Coaster &#8211; darunter die B&#038;M G-Kraft Maschine &#8220;Monster&#8221;, Europas h\u00f6chste Achterbahn &#8220;Silverstar&#8221;, der Intamin Mega-Lite &#8220;Goliath&#8221; oder die mit Spannung erwartete Neuheit \u201eVan Helsing\u2019s Factory\u201c. Doch das ist uns noch nicht gut genug. Neben den preisgekr\u00f6nten &#8220;Horror Nights &#8211; starring Marc Terenzi&#8221; steht nicht nur das &#8220;Halloween Horror&#8221; Fest des Movie Parks am Plan, nein auch das &#8220;Fright Nights&#8221; im Walibi Holland wird als eines der besten Events Europas gesehen, und wird aus diesem Grund ebenfalls besucht.<br \/>\n4 Tage, 29 Achterbahnen, 10 Horror-H\u00e4user. Was fehlt? Du!<\/p>\n<p><img class=\"colorbox-9040\"  decoding=\"async\" src=\"https:\/\/airtimers.com\/gfx\/HBT2011\/HBT-Tag1.png\" alt=\"Haunted Bus Tour - Tag 1\" \/><\/p>\n<p><strong>Abfahrt:<\/strong> 05:45 Uhr in N\u00fcrnberg \u2013 <strong>Zwischenstops:<\/strong> 08:45 in Frankfurt, 11:30 K\u00f6ln<br \/>\n<strong>Ankunft:<\/strong> Moviepark Germany<\/p>\n<p>Der Moviepark hat an diesem Tag bis 22:00 Uhr ge\u00f6ffnet, und wir ausreichend Zeit um die 6 Achterbahnen des Parks, darunter auch die neue Van Helsing&#8217;s Factory und das Halloween Horror Fest mit 3 Horror Mazes, Scare Zones, \u00fcber 250 Schauspielern und tollen Shows vollends auszukosten. Biene Maja, komische B\u00e4ren oder eine nette Maus? Sicher nicht hier!<\/p>\n<p><strong>Abfahrt:<\/strong> nach Parkschlu\u00df in unser nahe gelegenes Hotel<\/p>\n<p><img class=\"colorbox-9040\"  decoding=\"async\" src=\"https:\/\/airtimers.com\/gfx\/HBT2011\/HBT-Tag2.png\" alt=\"Haunted Bus Tour - Tag 2\" \/><\/p>\n<p><strong>Abfahrt:<\/strong> 8:00 Uhr in den Avonturenpark Hellendoorn<\/p>\n<p>Der Avonturenpark in Hellendoorn, Niederlande, ist ber\u00fchmt ber\u00fcchtigt f\u00fcr sein hochwertiges Halloween Event. Selbst die Stadt wird in der gruseligsten Zeit des Jahres auf Hexendoorn umgetauft. Nat\u00fcrlich sind die 3 Achterbahnen genauso Pflichtpunkte wie die Maze oder die Deko, die nicht nur den Park allein schm\u00fcckt.<\/p>\n<p><strong>Transfer:<\/strong> Nachmittag in das Walibi Holland<\/p>\n<p>Walibi Holland wartet mit 6 wilden Coastern darauf von uns gez\u00e4hmt zu werden. Und inmitten der gro\u00dfen Auswahl die Weltklasse Bahn Goliath! Ab 18:00 Uhr \u00f6ffnet das \u201eFright Fest\u201c mit drei besonders detailverliebten Halloween Mazes, 5 netten Scarezones und mehreren schaurig sch\u00f6nen Shows. Lebend den Park verlassen ist Gl\u00fcckssache.<\/p>\n<p><strong>Abfahrt:<\/strong> nach Parkschlu\u00df in das Diamond Hotel Antwerpen<\/p>\n<p><img class=\"colorbox-9040\"  decoding=\"async\" src=\"https:\/\/airtimers.com\/gfx\/HBT2011\/HBT-Tag3.png\" alt=\"Haunted Bus Tour - Tag 3\" \/><\/p>\n<p><strong>Abfahrt:<\/strong> 10:00 Uhr in den Walygator Parc<\/p>\n<p>Der Walygator Parc in Frankreich hat mit Monster eine der wahrscheinlich besten Achterbahnen Europas im Angebot, aber auch die 3 anderen Bahnen brauchen sich nicht hinter ihr zu verstecken. Abends wird dann auch dieser Park in dichte Nebelschwaden geh\u00fcllt und steckt voller schaurig sch\u00f6ner Nachtgestalten. Die Maze und einige Scare Zones machen den Park gerade zu Halloween ein wenig &#8220;anders&#8221;.<\/p>\n<p><strong>Abfahrt:<\/strong> nach Parkschlu\u00df in das Europa-Park Hotel \u201eEl Andaluz\u201c<\/p>\n<p><img class=\"colorbox-9040\"  decoding=\"async\" src=\"https:\/\/airtimers.com\/gfx\/HBT2011\/HBT-Tag4.png\" alt=\"Haunted Bus Tour - Tag 4\" \/><\/p>\n<p>Der Europa Park zeigt sich zu Halloween von seiner sch\u00f6nsten Seite. Im ganzen Park sieht man wundersch\u00f6ne Deko, es gibt leckere K\u00fcrbissuppe und viele tolle extra Attraktionen wie die Maze Piraten von Tortuga. Nicht zu vergessen ist die auf uns wartende 10 k\u00f6pfige Achterbahnflotte der Gebr\u00fcder Mack. Abends steht daf\u00fcr das Horror Nights by Marc Terenzi, das vermutlich beste Halloween Event in ganz Europa, auf dem Plan. Mindestens 3 Mazes, ein Night Coaster und viele ScareZones lassen jeden Alptraum wahr werden &#8211; und machen die Tour letztendlich zu einem unvergesslichen Abenteuer.<\/p>\n<p><strong>R\u00fccktransfers ab:<\/strong> 00:30 Uhr<\/p>\n<p><img class=\"colorbox-9040\"  decoding=\"async\" src=\"https:\/\/airtimers.com\/gfx\/HBT2011\/HBT-Details.png\" alt=\"Haunted Bus Tour - Details\" \/><\/p>\n<p>Um euch eine perfekte Tour bieten zu k\u00f6nnen, die auch allen rechtlichen Auflagen (Versicherungen, Sicherungsscheine, etc.) entspricht, haben wir uns dazu entschlossen mit Dirk Lather und seiner Firma FUNtours.de einen echten Profi f\u00fcr Freizeitparkreisen mit an Bord zu holen.<\/p>\n<p><strong>Folgende Leistungen sind in unserer Tour enthalten:<\/strong><br \/>\n<strong>+<\/strong> Alle Parkeintritte (Nur Terenzi ist nich inklusive, da hier noch kein Preis feststeht, gesch\u00e4tzt 18,00 Euro)<br \/>\n<strong>+<\/strong> 3 \u00dcbernachtungen in guten Mittel bis Spitzenklassehotels incl. Fr\u00fchst\u00fccksbuffet.<br \/>\n<strong>+<\/strong> 2 x Belegung in Doppelzimmern, 1x Viererzimmer (Europa-Park Hotel),<br \/>\ngegen Aufpreis auch Doppelbelegung m\u00f6glich.<\/p>\n<p>Die Tour, inklusive aller oben angegeben Leistungen, kostet pro Person 299,- EUR plus dem Anteil f\u00fcr den privaten Transport, in voraussichtlich zwei Leihautos mit je neun Sitzen. Sollten mehr als 18 Teilnehmer zu Stande kommen, besteht eventuell die Option eines Buses. Aktuelle Infos dazu findet ihr <a href=\"http:\/\/forum.airtimers.com\/viewtopic.php?f=9&#038;t=1068\">in unserem Forum<\/a>.<\/p>\n<p>Alles in allem haben wir gemeinsam mit FUNtours Knallhart kalkuliert, erzielen keinen Gewinn und bezahlen f\u00fcr die Teilnahme gleich viel wie jeder von euch!<\/p>\n<p>Die Buchung erfolgt mit einer Anzahlung von ca. 20% des Reisepreises. Der Restbetrag wird sp\u00e4testens 4 Wochen vor Reiseantritt f\u00e4llig. FUNtours bietet auch einen Ratenzahlungsbaukasten an, ferner k\u00f6nnen Reisende mit deutschen Konto auch per Raten abbuchen lassen.  Um sich gegen evtl. anfallende Kosten bei Reiser\u00fccktritt oder Abbruch wegen Krankheit, Arbeitslosigkeit, ect. abzusichern, bietet FUNtours auch eine g\u00fcnstige Versicherung mit an. <\/p>\n<p>Wer eine Jahreskarte f\u00fcr den Europapark hat, oder zum Beispiel einen freien Eintritt bei der Phantasialand oder Efteling Jahreskarte inkludiert hat, kann diesen nat\u00fcrlich vom Tourpreis abziehen. F\u00fcr den Moviepark gilt das NICHT, da an diesem Tag Jahreskartenbesitzer keinen freien Eintritt bekommen.<\/p>\n<div class=\"textLayoutHeader\">\n<h2><img class=\"colorbox-9040\"  decoding=\"async\" src=\"https:\/\/airtimers.com\/gfx\/tour2009\/fruehbucher.jpg\" align=\"left\" alt=\"Gewinnspiel\" \/>Bis zum 10. Juni 2011 buchen und gewinnen!<\/h2>\n<p><\/p>\n<p>F\u00fcr alle Fr\u00fchbucher die sich schon jetzt einen Platz auf unserer Halloween \u201eHaunted Bus Tour\u201c 2011 gesichert haben oder dies noch vorhaben, haben wir uns etwas besonderes ausgedacht. Wer bis zum 10. Juni 2011 bucht und die n\u00f6tige Anzahlung von gerade einmal 70\u20ac \u00fcberweist, nimmt automatisch an unserem Fr\u00fchbucher-Gewinnspiel teil. Zu gewinnen gibt es 1x eines unserer beliebten Airtimers \u00dcberraschungspakete und 1x ein original Wagenrad der Europa-Park Achterbahn Matterhorn Blitz. Die beiden Gewinner geben wir am Abend des 10. Juni bekannt und \u00fcberreichen die Preise pers\u00f6nlich auf der Tour.<\/p>\n<p>Wir w\u00fcnschen euch viel Spa\u00df und Erfolg beim Mitmachen!<\/p>\n<\/div>\n<p>Solltet ihr noch Fragen haben, beantworten wir diese gerne in <a href=\"http:\/\/forum.airtimers.com\/viewtopic.php?f=9&#038;t=1068\">unserem Forum<\/a>.<br \/>\n Wir freuen uns auf das gemeinsame gruseln und coastern!<\/p>\n<p><a href=\"http:\/\/funtours.onride.de\/newshop.php?mode=item&#038;i=131\" target=\"_blank\"> <img class=\"colorbox-9040\"  decoding=\"async\" src=\"https:\/\/airtimers.com\/gfx\/HBT2011\/HBT-Buchen.png\" title=\"\" alt=\"\" \/> <\/a><\/p>\n<p>\u00c4nderungen oder Druckfehler sind nat\u00fcrlich vorbehalten.<\/p>\n<fb:like href='https:\/\/airtimers.com\/en\/airtimers-haunted-bus-tour-2011\/' send='false' layout='standard' show_faces='true' width='450' height='65' action='like' colorscheme='light' font='lucida grande'><\/fb:like>","protected":false},"excerpt":{"rendered":"<p>Airtimers on Tour \u2013 und Ihr mit dabei. Coaster, Airtime, Adrenalin. Vom 29. Oktober bis 2. November sind wir auf einer exklusiven, gro\u00dfen Halloween Tour durch Deutschland, Holland und Frankreich unterwegs. Auf Euch warten neben dem Europa Park und Walibi Holland auch noch der Movie Park Germany, Avonturenpark und der Walygator Parc. 29 Coaster &#8211; [&hellip;]<\/p>\n","protected":false},"author":1,"featured_media":0,"parent":0,"menu_order":0,"comment_status":"open","ping_status":"closed","template":"template-noheader.php","meta":{"footnotes":""},"class_list":["post-9040","page","type-page","status-publish","hentry"],"_links":{"self":[{"href":"https:\/\/airtimers.com\/en\/wp-json\/wp\/v2\/pages\/9040","targetHints":{"allow":["GET"]}}],"collection":[{"href":"https:\/\/airtimers.com\/en\/wp-json\/wp\/v2\/pages"}],"about":[{"href":"https:\/\/airtimers.com\/en\/wp-json\/wp\/v2\/types\/page"}],"author":[{"embeddable":true,"href":"https:\/\/airtimers.com\/en\/wp-json\/wp\/v2\/users\/1"}],"replies":[{"embeddable":true,"href":"https:\/\/airtimers.com\/en\/wp-json\/wp\/v2\/comments?post=9040"}],"version-history":[{"count":0,"href":"https:\/\/airtimers.com\/en\/wp-json\/wp\/v2\/pages\/9040\/revisions"}],"wp:attachment":[{"href":"https:\/\/airtimers.com\/en\/wp-json\/wp\/v2\/media?parent=9040"}],"curies":[{"name":"wp","href":"https:\/\/api.w.org\/{rel}","templated":true}]}}